{"id":11,"date":"2022-05-31T19:19:58","date_gmt":"2022-05-31T22:19:58","guid":{"rendered":"https:\/\/www.sotu.uy\/?page_id=2"},"modified":"2024-03-18T00:05:00","modified_gmt":"2024-03-18T00:05:00","slug":"inicio","status":"publish","type":"page","link":"https:\/\/congresos.sotu.org.uy\/congresos\/","title":{"rendered":"BIENVENIDA"},"content":{"rendered":"<div class=\"wp-block-image\">\n<figure class=\"aligncenter size-large\"><img data-recalc-dims=\"1\" height=\"1024\" width=\"724\" decoding=\"async\" src=\"https:\/\/i0.wp.com\/congresos.sotu.org.uy\/congresos\/wp-content\/uploads\/sotu2022.FlyerSOTU2022.png?resize=724%2C1024&#038;ssl=1\" alt=\"\" class=\"wp-image-162\"\/><\/figure>\n<\/div>\n\n\n<p>La ciudad de Montevideo recibir\u00e1 en este 2022 el <strong>\u201cXXI CONGRESO URUGUAYO DE ORTOPEDIA Y TRAUMATOLOG\u00cdA\u201d<\/strong> y \u201c<strong>III JORNADAS DE RECONSTRUCCIONES COMPLEJAS Y TUMORES MUSCULOESQUEL\u00c9TICOS DEL CONOSUR\u201d<\/strong> que se llevar\u00e1 a cabo los d\u00edas 14, 15 y 16 de setiembre de 2022, en el Radisson Montevideo Victoria Plaza Hotel.<\/p>\n\n\n\n<p>El mismo unir\u00e1 a todos los Integrantes de la Especialidad, Residentes, Ortopedistas y Empresas afines; y lograr\u00e1 que este Congreso sea un punto de encuentro de alto nivel cient\u00edfico, que permita participar a todos quienes integran el equipo de salud, incluyendo, adem\u00e1s de los ya mencionados, a estudiantes, fisiatras, fisioterapeutas, auxiliares y licenciados en enfermer\u00eda, instrumentistas, t\u00e9cnicos de yeso; y toda la comunidad interesada en la Ortopedia y Traumatolog\u00eda.<\/p>\n\n\n\n<p>Tendremos conferencistas de alto nivel internacional, que se ajustar\u00e1n a los planes determinados por la Comisi\u00f3n Cient\u00edfica para abordar las patolog\u00edas m\u00e1s frecuentes, as\u00ed como aquellas de resoluci\u00f3n compleja o discutible.<\/p>\n\n\n\n<p>Es indudable, que cada a\u00f1o se mejoran las formas de resoluci\u00f3n de las diferentes patolog\u00edas; y que esto se fortalece en \u00e1mbitos como \u00e9ste, donde cada uno de los presentes se dedica a mostrar nuevas t\u00e9cnicas, nuevos implantes, o tambi\u00e9n; nuevos resultados de viejas t\u00e9cnicas, esto permite el crecimiento de la Especialidad en nuestro pa\u00eds.<\/p>\n\n\n\n<hr class=\"wp-block-separator has-alpha-channel-opacity\"\/>\n\n\n\n<h3 class=\"wp-block-heading\"><strong>SIMPOSIOS:<\/strong><\/h3>\n\n\n\n<p><strong>Simposio Internacional de Pie y Tobillo<\/strong><br>CUEP &#8211; Comit\u00e9 Uruguayo de Estudios del Pie<br>(<a href=\"https:\/\/www.cuep.org\/\">https:\/\/www.cuep.org\/<\/a>)<\/p>\n\n\n\n<hr class=\"wp-block-separator has-alpha-channel-opacity\"\/>\n\n\n\n<h3 class=\"wp-block-heading\"><strong>ACTIVIDADES:<\/strong><\/h3>\n\n\n\n<p><strong>Curso de Artroscopia B\u00e1sica con participaci\u00f3n de la SLARD<\/strong><br>Sociedad Latinoamericana de Artroscopia, Rodilla y Deporte.<\/p>\n\n\n\n<p><strong>Workshop Internacional de Enclavijado Telesc\u00f3pico de Ortopedia Pedi\u00e1trica<\/strong><\/p>\n\n\n\n<p><strong>Jornada Internacional de Imagenolog\u00eda Musculoesquel\u00e9tica para Traumat\u00f3logos<\/strong><\/p>\n\n\n\n<p><strong>Jornadas de Enfermer\u00eda en Traumatolog\u00eda<\/strong><\/p>\n\n\n\n<p><strong>Jornadas de Instrumentaci\u00f3n Quir\u00fargica en Traumatolog\u00eda<\/strong><\/p>\n\n\n\n<p><strong>Temas Libres: Oral y Posters<\/strong><\/p>\n\n\n\n<hr class=\"wp-block-separator has-alpha-channel-opacity\"\/>\n\n\n\n<h3 class=\"wp-block-heading\"><strong>M\u00d3DULOS<\/strong><\/h3>\n\n\n\n<ul class=\"wp-block-list\"><li>M\u00f3dulo de Cadera<\/li><li>M\u00f3dulo de Columna<\/li><li>M\u00f3dulo de Pu\u00f1o y Mano<\/li><li>M\u00f3dulo de Hombro y Codo<\/li><li>M\u00f3dulo de Pie y Tobillo<\/li><li>M\u00f3dulo de Rodilla<\/li><li>M\u00f3dulo Tumores<\/li><li>M\u00f3dulo Traumatologia y Ortopedia Pedi\u00e1trica<\/li><li>M\u00f3dulo de Reconstrucci\u00f3n Osteoarticular (ASAMI)<\/li><\/ul>\n\n\n\n<hr class=\"wp-block-separator has-alpha-channel-opacity\"\/>\n\n\n\n<h3 class=\"has-text-align-center wp-block-heading\"><strong>Auspcios<\/strong><\/h3>\n\n\n\n<div class=\"wp-block-group is-nowrap is-layout-flex wp-container-core-group-is-layout-ad2f72ca wp-block-group-is-layout-flex\">\n<div class=\"wp-block-group is-nowrap is-layout-flex wp-container-core-group-is-layout-ad2f72ca wp-block-group-is-layout-flex\"><\/div>\n\n\n\n<div class=\"wp-block-group is-nowrap is-layout-flex wp-container-core-group-is-layout-ad2f72ca wp-block-group-is-layout-flex\">\n<figure class=\"wp-block-image size-full\"><img data-recalc-dims=\"1\" decoding=\"async\" src=\"https:\/\/i0.wp.com\/congresos.sotu.org.uy\/congresos\/\/wp-content\/uploads\/ASSE.png?w=1200&#038;ssl=1\" alt=\"\" class=\"wp-image-401\"\/><\/figure>\n<\/div>\n\n\n\n<figure class=\"wp-block-image size-full\"><img data-recalc-dims=\"1\" decoding=\"async\" src=\"https:\/\/i0.wp.com\/congresos.sotu.org.uy\/congresos\/\/wp-content\/uploads\/PR.png?w=1200&#038;ssl=1\" alt=\"\" class=\"wp-image-402\"\/><\/figure>\n\n\n\n<figure class=\"wp-block-image size-full\"><img data-recalc-dims=\"1\" decoding=\"async\" src=\"https:\/\/i0.wp.com\/congresos.sotu.org.uy\/congresos\/\/wp-content\/uploads\/FNR-1.png?w=1200&#038;ssl=1\" alt=\"\" class=\"wp-image-404\"\/><\/figure>\n\n\n\n<figure class=\"wp-block-image size-full\"><img data-recalc-dims=\"1\" decoding=\"async\" src=\"https:\/\/i0.wp.com\/congresos.sotu.org.uy\/congresos\/\/wp-content\/uploads\/UCU.png?w=1200&#038;ssl=1\" alt=\"\" class=\"wp-image-403\"\/><\/figure>\n\n\n\n<figure class=\"wp-block-image size-full\"><img data-recalc-dims=\"1\" decoding=\"async\" src=\"https:\/\/i0.wp.com\/congresos.sotu.org.uy\/congresos\/\/wp-content\/uploads\/FM.png?w=1200&#038;ssl=1\" alt=\"\" class=\"wp-image-405\"\/><\/figure>\n\n\n\n<figure class=\"wp-block-image size-full\"><img data-recalc-dims=\"1\" decoding=\"async\" src=\"https:\/\/i0.wp.com\/congresos.sotu.org.uy\/congresos\/\/wp-content\/uploads\/MT.png?w=1200&#038;ssl=1\" alt=\"\" class=\"wp-image-406\"\/><\/figure>\n<\/div>\n\n\n\n<hr class=\"wp-block-separator has-alpha-channel-opacity\"\/>\n\n\n\n<h3 class=\"has-text-align-center wp-block-heading\"><strong>Sponsors<\/strong><\/h3>\n\n\n<div class=\"wp-block-image\">\n<figure class=\"aligncenter size-full is-resized\"><img data-recalc-dims=\"1\" loading=\"lazy\" decoding=\"async\" src=\"https:\/\/i0.wp.com\/congresos.sotu.org.uy\/congresos\/\/wp-content\/uploads\/BMS.png?resize=300%2C120&#038;ssl=1\" alt=\"\" class=\"wp-image-136\" width=\"300\" height=\"120\"\/><\/figure>\n<\/div>\n\n\n<hr class=\"wp-block-separator has-text-color has-contrast-3-color has-alpha-channel-opacity has-contrast-3-background-color has-background is-style-wide\"\/>\n\n\n\n<div class=\"wp-block-columns is-layout-flex wp-container-core-columns-is-layout-9d6595d7 wp-block-columns-is-layout-flex\">\n<div class=\"wp-block-column is-layout-flow wp-block-column-is-layout-flow\"><div class=\"wp-block-image\">\n<figure class=\"aligncenter size-full\"><img data-recalc-dims=\"1\" decoding=\"async\" src=\"https:\/\/i0.wp.com\/congresos.sotu.org.uy\/congresos\/\/wp-content\/uploads\/VALUAR.png?w=1200&#038;ssl=1\" alt=\"\" class=\"wp-image-139\"\/><\/figure>\n<\/div><\/div>\n\n\n\n<div class=\"wp-block-column is-layout-flow wp-block-column-is-layout-flow\"><div class=\"wp-block-image\">\n<figure class=\"aligncenter size-full\"><img data-recalc-dims=\"1\" decoding=\"async\" src=\"https:\/\/i0.wp.com\/congresos.sotu.org.uy\/congresos\/\/wp-content\/uploads\/RESIMPEX.png?w=1200&#038;ssl=1\" alt=\"\" class=\"wp-image-140\"\/><\/figure>\n<\/div><\/div>\n\n\n\n<div class=\"wp-block-column is-layout-flow wp-block-column-is-layout-flow\"><div class=\"wp-block-image\">\n<figure class=\"aligncenter size-full\"><img data-recalc-dims=\"1\" decoding=\"async\" src=\"https:\/\/i0.wp.com\/congresos.sotu.org.uy\/congresos\/\/wp-content\/uploads\/ASTROMED.png?w=1200&#038;ssl=1\" alt=\"\" class=\"wp-image-141\"\/><\/figure>\n<\/div><\/div>\n<\/div>\n\n\n\n<hr class=\"wp-block-separator has-text-color has-contrast-3-color has-alpha-channel-opacity has-contrast-3-background-color has-background is-style-wide\"\/>\n\n\n\n<div class=\"wp-block-columns is-layout-flex wp-container-core-columns-is-layout-9d6595d7 wp-block-columns-is-layout-flex\">\n<div class=\"wp-block-column is-layout-flow wp-block-column-is-layout-flow\"><div class=\"wp-block-image\">\n<figure class=\"alignright size-full\"><img data-recalc-dims=\"1\" decoding=\"async\" src=\"https:\/\/i0.wp.com\/congresos.sotu.org.uy\/congresos\/\/wp-content\/uploads\/INNOVAMEDd.png?w=1200&#038;ssl=1\" alt=\"\" class=\"wp-image-150\"\/><\/figure>\n<\/div><\/div>\n\n\n\n<div class=\"wp-block-column is-layout-flow wp-block-column-is-layout-flow\"><div class=\"wp-block-image\">\n<figure class=\"alignleft size-full\"><img data-recalc-dims=\"1\" decoding=\"async\" src=\"https:\/\/i0.wp.com\/congresos.sotu.org.uy\/congresos\/\/wp-content\/uploads\/BIONEXUSs.png?w=1200&#038;ssl=1\" alt=\"\" class=\"wp-image-151\"\/><\/figure>\n<\/div><\/div>\n<\/div>\n\n\n\n<div class=\"wp-block-columns is-layout-flex wp-container-core-columns-is-layout-9d6595d7 wp-block-columns-is-layout-flex\">\n<div class=\"wp-block-column is-layout-flow wp-block-column-is-layout-flow\"><div class=\"wp-block-image\">\n<figure class=\"alignright size-full\"><img data-recalc-dims=\"1\" decoding=\"async\" src=\"https:\/\/i0.wp.com\/congresos.sotu.org.uy\/congresos\/\/wp-content\/uploads\/SWIPROo.png?w=1200&#038;ssl=1\" alt=\"\" class=\"wp-image-152\"\/><\/figure>\n<\/div><\/div>\n\n\n\n<div class=\"wp-block-column is-layout-flow wp-block-column-is-layout-flow\"><div class=\"wp-block-image\">\n<figure class=\"alignleft size-full\"><img data-recalc-dims=\"1\" decoding=\"async\" src=\"https:\/\/i0.wp.com\/congresos.sotu.org.uy\/congresos\/\/wp-content\/uploads\/JandJj.png?w=1200&#038;ssl=1\" alt=\"\" class=\"wp-image-153\"\/><\/figure>\n<\/div><\/div>\n<\/div>\n\n\n\n<hr class=\"wp-block-separator has-text-color has-contrast-3-color has-alpha-channel-opacity has-contrast-3-background-color has-background is-style-wide\"\/>\n\n\n\n<div class=\"wp-block-columns is-layout-flex wp-container-core-columns-is-layout-9d6595d7 wp-block-columns-is-layout-flex\">\n<div class=\"wp-block-column is-layout-flow wp-block-column-is-layout-flow\" style=\"flex-basis:100%\">\n<div class=\"wp-block-columns is-layout-flex wp-container-core-columns-is-layout-9d6595d7 wp-block-columns-is-layout-flex\">\n<div class=\"wp-block-column is-layout-flow wp-block-column-is-layout-flow\"><\/div>\n\n\n\n<div class=\"wp-block-column is-layout-flow wp-block-column-is-layout-flow\">\n<figure class=\"wp-block-image size-full\"><img data-recalc-dims=\"1\" decoding=\"async\" src=\"https:\/\/i0.wp.com\/congresos.sotu.org.uy\/congresos\/\/wp-content\/uploads\/GRAMONn.png?w=1200&#038;ssl=1\" alt=\"\" class=\"wp-image-158\"\/><\/figure>\n<\/div>\n\n\n\n<div class=\"wp-block-column is-layout-flow wp-block-column-is-layout-flow\">\n<figure class=\"wp-block-image size-full\"><img data-recalc-dims=\"1\" decoding=\"async\" src=\"https:\/\/i0.wp.com\/congresos.sotu.org.uy\/congresos\/\/wp-content\/uploads\/BERGANTINOS.png?w=1200&#038;ssl=1\" alt=\"\" class=\"wp-image-155\"\/><\/figure>\n<\/div>\n<\/div>\n<\/div>\n\n\n\n<div class=\"wp-block-column is-layout-flow wp-block-column-is-layout-flow\" style=\"flex-basis:100%\">\n<div class=\"wp-block-columns is-layout-flex wp-container-core-columns-is-layout-9d6595d7 wp-block-columns-is-layout-flex\">\n<div class=\"wp-block-column is-layout-flow wp-block-column-is-layout-flow\">\n<figure class=\"wp-block-image size-full\"><img data-recalc-dims=\"1\" decoding=\"async\" src=\"https:\/\/i0.wp.com\/congresos.sotu.org.uy\/congresos\/\/wp-content\/uploads\/CILIA.png?w=1200&#038;ssl=1\" alt=\"\" class=\"wp-image-156\"\/><\/figure>\n<\/div>\n\n\n\n<div class=\"wp-block-column is-layout-flow wp-block-column-is-layout-flow\">\n<figure class=\"wp-block-image size-full\"><img data-recalc-dims=\"1\" decoding=\"async\" src=\"https:\/\/i0.wp.com\/congresos.sotu.org.uy\/congresos\/\/wp-content\/uploads\/GunterSchaff.jpg?w=1200&#038;ssl=1\" alt=\"\" class=\"wp-image-368\"\/><\/figure>\n<\/div>\n\n\n\n<div class=\"wp-block-column is-layout-flow wp-block-column-is-layout-flow\"><\/div>\n<\/div>\n<\/div>\n<\/div>\n\n\n\n<p><\/p>\n","protected":false},"excerpt":{"rendered":"<p>La ciudad de Montevideo recibir\u00e1 en este 2022 el \u201cXXI CONGRESO URUGUAYO DE ORTOPEDIA Y TRAUMATOLOG\u00cdA\u201d y \u201cIII JORNADAS DE RECONSTRUCCIONES COMPLEJAS Y TUMORES MUSCULOESQUEL\u00c9TICOS DEL CONOSUR\u201d que se llevar\u00e1 a cabo los d\u00edas 14, 15 y 16 de setiembre de 2022, en el Radisson Montevideo Victoria Plaza Hotel. El mismo unir\u00e1 a todos los &#8230; <a title=\"BIENVENIDA\" class=\"read-more\" href=\"https:\/\/congresos.sotu.org.uy\/congresos\/\" aria-label=\"Leer m\u00e1s sobre BIENVENIDA\">Leer m\u00e1s<\/a><\/p>\n","protected":false},"author":1,"featured_media":0,"parent":0,"menu_order":0,"comment_status":"closed","ping_status":"closed","template":"","meta":{"nf_dc_page":"","om_disable_all_campaigns":false,"_monsterinsights_skip_tracking":false,"_monsterinsights_sitenote_active":false,"_monsterinsights_sitenote_note":"","_monsterinsights_sitenote_category":0,"footnotes":""},"class_list":["post-11","page","type-page","status-publish"],"yoast_head":"<!-- This site is optimized with the Yoast SEO plugin v27.4 - https:\/\/yoast.com\/product\/yoast-seo-wordpress\/ -->\n<title>BIENVENIDA - XXII Congreso Uruguayo de Ortopedia y Traumatolog\u00eda<\/title>\n<meta name=\"robots\" content=\"index, follow, max-snippet:-1, max-image-preview:large, max-video-preview:-1\" \/>\n<link rel=\"canonical\" href=\"https:\/\/congresos.sotu.org.uy\/congresos\/\" \/>\n<meta property=\"og:locale\" content=\"es_ES\" \/>\n<meta property=\"og:type\" content=\"article\" \/>\n<meta property=\"og:title\" content=\"BIENVENIDA - XXII Congreso Uruguayo de Ortopedia y Traumatolog\u00eda\" \/>\n<meta property=\"og:description\" content=\"La ciudad de Montevideo recibir\u00e1 en este 2022 el \u201cXXI CONGRESO URUGUAYO DE ORTOPEDIA Y TRAUMATOLOG\u00cdA\u201d y \u201cIII JORNADAS DE RECONSTRUCCIONES COMPLEJAS Y TUMORES MUSCULOESQUEL\u00c9TICOS DEL CONOSUR\u201d que se llevar\u00e1 a cabo los d\u00edas 14, 15 y 16 de setiembre de 2022, en el Radisson Montevideo Victoria Plaza Hotel. El mismo unir\u00e1 a todos los ... Leer m\u00e1s\" \/>\n<meta property=\"og:url\" content=\"https:\/\/congresos.sotu.org.uy\/congresos\/\" \/>\n<meta property=\"og:site_name\" content=\"XXII Congreso Uruguayo de Ortopedia y Traumatolog\u00eda\" \/>\n<meta property=\"article:modified_time\" content=\"2024-03-18T00:05:00+00:00\" \/>\n<meta property=\"og:image\" content=\"https:\/\/congresos.sotu.org.uy\/congresos\/wp-content\/uploads\/sotu2022.FlyerSOTU2022-724x1024.png\" \/>\n<meta name=\"twitter:card\" content=\"summary_large_image\" \/>\n<meta name=\"twitter:label1\" content=\"Tiempo de lectura\" \/>\n\t<meta name=\"twitter:data1\" content=\"6 minutos\" \/>\n<script type=\"application\/ld+json\" class=\"yoast-schema-graph\">{\"@context\":\"https:\\\/\\\/schema.org\",\"@graph\":[{\"@type\":\"WebPage\",\"@id\":\"https:\\\/\\\/congresos.sotu.org.uy\\\/congresos\\\/\",\"url\":\"https:\\\/\\\/congresos.sotu.org.uy\\\/congresos\\\/\",\"name\":\"BIENVENIDA - XXII Congreso Uruguayo de Ortopedia y Traumatolog\u00eda\",\"isPartOf\":{\"@id\":\"https:\\\/\\\/congresos.sotu.org.uy\\\/congresos\\\/#website\"},\"primaryImageOfPage\":{\"@id\":\"https:\\\/\\\/congresos.sotu.org.uy\\\/congresos\\\/#primaryimage\"},\"image\":{\"@id\":\"https:\\\/\\\/congresos.sotu.org.uy\\\/congresos\\\/#primaryimage\"},\"thumbnailUrl\":\"https:\\\/\\\/congresos.sotu.org.uy\\\/congresos\\\/wp-content\\\/uploads\\\/sotu2022.FlyerSOTU2022-724x1024.png\",\"datePublished\":\"2022-05-31T22:19:58+00:00\",\"dateModified\":\"2024-03-18T00:05:00+00:00\",\"breadcrumb\":{\"@id\":\"https:\\\/\\\/congresos.sotu.org.uy\\\/congresos\\\/#breadcrumb\"},\"inLanguage\":\"es\",\"potentialAction\":[{\"@type\":\"ReadAction\",\"target\":[\"https:\\\/\\\/congresos.sotu.org.uy\\\/congresos\\\/\"]}]},{\"@type\":\"ImageObject\",\"inLanguage\":\"es\",\"@id\":\"https:\\\/\\\/congresos.sotu.org.uy\\\/congresos\\\/#primaryimage\",\"url\":\"\",\"contentUrl\":\"\"},{\"@type\":\"BreadcrumbList\",\"@id\":\"https:\\\/\\\/congresos.sotu.org.uy\\\/congresos\\\/#breadcrumb\",\"itemListElement\":[{\"@type\":\"ListItem\",\"position\":1,\"name\":\"Home\",\"item\":\"https:\\\/\\\/congresos.sotu.org.uy\\\/congresos\\\/\"},{\"@type\":\"ListItem\",\"position\":2,\"name\":\"BIENVENIDA\"}]},{\"@type\":\"WebSite\",\"@id\":\"https:\\\/\\\/congresos.sotu.org.uy\\\/congresos\\\/#website\",\"url\":\"https:\\\/\\\/congresos.sotu.org.uy\\\/congresos\\\/\",\"name\":\"XXII Congreso Uruguayo de Ortopedia y Traumatolog\u00eda\",\"description\":\"XXII Congreso Uruguayo de Ortopedia y Traumatolog\u00eda\",\"publisher\":{\"@id\":\"https:\\\/\\\/congresos.sotu.org.uy\\\/congresos\\\/#organization\"},\"potentialAction\":[{\"@type\":\"SearchAction\",\"target\":{\"@type\":\"EntryPoint\",\"urlTemplate\":\"https:\\\/\\\/congresos.sotu.org.uy\\\/congresos\\\/?s={search_term_string}\"},\"query-input\":{\"@type\":\"PropertyValueSpecification\",\"valueRequired\":true,\"valueName\":\"search_term_string\"}}],\"inLanguage\":\"es\"},{\"@type\":\"Organization\",\"@id\":\"https:\\\/\\\/congresos.sotu.org.uy\\\/congresos\\\/#organization\",\"name\":\"XXII Congreso Uruguayo de Ortopedia y Traumatolog\u00eda\",\"url\":\"https:\\\/\\\/congresos.sotu.org.uy\\\/congresos\\\/\",\"logo\":{\"@type\":\"ImageObject\",\"inLanguage\":\"es\",\"@id\":\"https:\\\/\\\/congresos.sotu.org.uy\\\/congresos\\\/#\\\/schema\\\/logo\\\/image\\\/\",\"url\":\"https:\\\/\\\/i0.wp.com\\\/congresos.sotu.org.uy\\\/congresos\\\/wp-content\\\/uploads\\\/2024\\\/04\\\/cropped-news220608.jpg?fit=1200%2C158&ssl=1\",\"contentUrl\":\"https:\\\/\\\/i0.wp.com\\\/congresos.sotu.org.uy\\\/congresos\\\/wp-content\\\/uploads\\\/2024\\\/04\\\/cropped-news220608.jpg?fit=1200%2C158&ssl=1\",\"width\":1200,\"height\":158,\"caption\":\"XXII Congreso Uruguayo de Ortopedia y Traumatolog\u00eda\"},\"image\":{\"@id\":\"https:\\\/\\\/congresos.sotu.org.uy\\\/congresos\\\/#\\\/schema\\\/logo\\\/image\\\/\"}}]}<\/script>\n<!-- \/ Yoast SEO plugin. -->","yoast_head_json":{"title":"BIENVENIDA - XXII Congreso Uruguayo de Ortopedia y Traumatolog\u00eda","robots":{"index":"index","follow":"follow","max-snippet":"max-snippet:-1","max-image-preview":"max-image-preview:large","max-video-preview":"max-video-preview:-1"},"canonical":"https:\/\/congresos.sotu.org.uy\/congresos\/","og_locale":"es_ES","og_type":"article","og_title":"BIENVENIDA - XXII Congreso Uruguayo de Ortopedia y Traumatolog\u00eda","og_description":"La ciudad de Montevideo recibir\u00e1 en este 2022 el \u201cXXI CONGRESO URUGUAYO DE ORTOPEDIA Y TRAUMATOLOG\u00cdA\u201d y \u201cIII JORNADAS DE RECONSTRUCCIONES COMPLEJAS Y TUMORES MUSCULOESQUEL\u00c9TICOS DEL CONOSUR\u201d que se llevar\u00e1 a cabo los d\u00edas 14, 15 y 16 de setiembre de 2022, en el Radisson Montevideo Victoria Plaza Hotel. El mismo unir\u00e1 a todos los ... Leer m\u00e1s","og_url":"https:\/\/congresos.sotu.org.uy\/congresos\/","og_site_name":"XXII Congreso Uruguayo de Ortopedia y Traumatolog\u00eda","article_modified_time":"2024-03-18T00:05:00+00:00","og_image":[{"url":"https:\/\/congresos.sotu.org.uy\/congresos\/wp-content\/uploads\/sotu2022.FlyerSOTU2022-724x1024.png","type":"","width":"","height":""}],"twitter_card":"summary_large_image","twitter_misc":{"Tiempo de lectura":"6 minutos"},"schema":{"@context":"https:\/\/schema.org","@graph":[{"@type":"WebPage","@id":"https:\/\/congresos.sotu.org.uy\/congresos\/","url":"https:\/\/congresos.sotu.org.uy\/congresos\/","name":"BIENVENIDA - XXII Congreso Uruguayo de Ortopedia y Traumatolog\u00eda","isPartOf":{"@id":"https:\/\/congresos.sotu.org.uy\/congresos\/#website"},"primaryImageOfPage":{"@id":"https:\/\/congresos.sotu.org.uy\/congresos\/#primaryimage"},"image":{"@id":"https:\/\/congresos.sotu.org.uy\/congresos\/#primaryimage"},"thumbnailUrl":"https:\/\/congresos.sotu.org.uy\/congresos\/wp-content\/uploads\/sotu2022.FlyerSOTU2022-724x1024.png","datePublished":"2022-05-31T22:19:58+00:00","dateModified":"2024-03-18T00:05:00+00:00","breadcrumb":{"@id":"https:\/\/congresos.sotu.org.uy\/congresos\/#breadcrumb"},"inLanguage":"es","potentialAction":[{"@type":"ReadAction","target":["https:\/\/congresos.sotu.org.uy\/congresos\/"]}]},{"@type":"ImageObject","inLanguage":"es","@id":"https:\/\/congresos.sotu.org.uy\/congresos\/#primaryimage","url":"","contentUrl":""},{"@type":"BreadcrumbList","@id":"https:\/\/congresos.sotu.org.uy\/congresos\/#breadcrumb","itemListElement":[{"@type":"ListItem","position":1,"name":"Home","item":"https:\/\/congresos.sotu.org.uy\/congresos\/"},{"@type":"ListItem","position":2,"name":"BIENVENIDA"}]},{"@type":"WebSite","@id":"https:\/\/congresos.sotu.org.uy\/congresos\/#website","url":"https:\/\/congresos.sotu.org.uy\/congresos\/","name":"XXII Congreso Uruguayo de Ortopedia y Traumatolog\u00eda","description":"XXII Congreso Uruguayo de Ortopedia y Traumatolog\u00eda","publisher":{"@id":"https:\/\/congresos.sotu.org.uy\/congresos\/#organization"},"potentialAction":[{"@type":"SearchAction","target":{"@type":"EntryPoint","urlTemplate":"https:\/\/congresos.sotu.org.uy\/congresos\/?s={search_term_string}"},"query-input":{"@type":"PropertyValueSpecification","valueRequired":true,"valueName":"search_term_string"}}],"inLanguage":"es"},{"@type":"Organization","@id":"https:\/\/congresos.sotu.org.uy\/congresos\/#organization","name":"XXII Congreso Uruguayo de Ortopedia y Traumatolog\u00eda","url":"https:\/\/congresos.sotu.org.uy\/congresos\/","logo":{"@type":"ImageObject","inLanguage":"es","@id":"https:\/\/congresos.sotu.org.uy\/congresos\/#\/schema\/logo\/image\/","url":"https:\/\/i0.wp.com\/congresos.sotu.org.uy\/congresos\/wp-content\/uploads\/2024\/04\/cropped-news220608.jpg?fit=1200%2C158&ssl=1","contentUrl":"https:\/\/i0.wp.com\/congresos.sotu.org.uy\/congresos\/wp-content\/uploads\/2024\/04\/cropped-news220608.jpg?fit=1200%2C158&ssl=1","width":1200,"height":158,"caption":"XXII Congreso Uruguayo de Ortopedia y Traumatolog\u00eda"},"image":{"@id":"https:\/\/congresos.sotu.org.uy\/congresos\/#\/schema\/logo\/image\/"}}]}},"jetpack_sharing_enabled":true,"_links":{"self":[{"href":"https:\/\/congresos.sotu.org.uy\/congresos\/wp-json\/wp\/v2\/pages\/11","targetHints":{"allow":["GET"]}}],"collection":[{"href":"https:\/\/congresos.sotu.org.uy\/congresos\/wp-json\/wp\/v2\/pages"}],"about":[{"href":"https:\/\/congresos.sotu.org.uy\/congresos\/wp-json\/wp\/v2\/types\/page"}],"author":[{"embeddable":true,"href":"https:\/\/congresos.sotu.org.uy\/congresos\/wp-json\/wp\/v2\/users\/1"}],"replies":[{"embeddable":true,"href":"https:\/\/congresos.sotu.org.uy\/congresos\/wp-json\/wp\/v2\/comments?post=11"}],"version-history":[{"count":2,"href":"https:\/\/congresos.sotu.org.uy\/congresos\/wp-json\/wp\/v2\/pages\/11\/revisions"}],"predecessor-version":[{"id":436,"href":"https:\/\/congresos.sotu.org.uy\/congresos\/wp-json\/wp\/v2\/pages\/11\/revisions\/436"}],"wp:attachment":[{"href":"https:\/\/congresos.sotu.org.uy\/congresos\/wp-json\/wp\/v2\/media?parent=11"}],"curies":[{"name":"wp","href":"https:\/\/api.w.org\/{rel}","templated":true}]}}