{"id":13,"date":"2022-06-20T16:05:01","date_gmt":"2022-06-20T19:05:01","guid":{"rendered":"https:\/\/www.sotu.uy\/?page_id=10"},"modified":"2022-06-20T16:05:01","modified_gmt":"2022-06-20T19:05:01","slug":"autoridades","status":"publish","type":"page","link":"https:\/\/congresos.sotu.org.uy\/congresos\/autoridades\/","title":{"rendered":"Autoridades"},"content":{"rendered":"\n<p><strong>COMISI\u00d3N DIRECTIVA<\/strong><\/p>\n\n\n\n<p>Eduardo Vilensky<br><em>Presidente<\/em><\/p>\n\n\n\n<p>Germ\u00e1n Marrero<br><em>Vicepresidente<\/em><\/p>\n\n\n\n<p>Juan Manuel Velasco<br><em>Tesorero<\/em><\/p>\n\n\n\n<p>Nicol\u00e1s Casales<br><em>Secretario<\/em><\/p>\n\n\n\n<p>Juan Del Castillo<br><em>Vocal<\/em><\/p>\n\n\n\n<p><strong>SUPLENTES<\/strong><\/p>\n\n\n\n<p>Viviana Teske<br>Mart\u00edn Russi<br>Hugo Nu\u00f1ez<br>Ignacio Pagano<br>Alejandro Azziz<\/p>\n\n\n\n<p><strong>COMISI\u00d3N GREMIAL<\/strong><\/p>\n\n\n\n<p>Ignacio Esponda<br>Alfonso Garc\u00eda Aust<br>Emanuel Costa<\/p>\n\n\n\n<p><strong>COMISI\u00d3N FISCAL<\/strong><\/p>\n\n\n\n<p>Jorge Tabachnik<br>Daniel Vargas<br>Leticia Gaiero<\/p>\n\n\n\n<p><strong>SUPLENTES COMISI\u00d3N FISCAL<\/strong><\/p>\n\n\n\n<p>Nicol\u00e1s Tam\u00f3n<br>Martin Sienrra<br>Rafael Rodr\u00edguez<\/p>\n","protected":false},"excerpt":{"rendered":"<p>COMISI\u00d3N DIRECTIVA Eduardo VilenskyPresidente Germ\u00e1n MarreroVicepresidente Juan Manuel VelascoTesorero Nicol\u00e1s CasalesSecretario Juan Del CastilloVocal SUPLENTES Viviana TeskeMart\u00edn RussiHugo Nu\u00f1ezIgnacio PaganoAlejandro Azziz COMISI\u00d3N GREMIAL Ignacio EspondaAlfonso Garc\u00eda AustEmanuel Costa COMISI\u00d3N FISCAL Jorge TabachnikDaniel VargasLeticia Gaiero SUPLENTES COMISI\u00d3N FISCAL Nicol\u00e1s Tam\u00f3nMartin SienrraRafael Rodr\u00edguez<\/p>\n","protected":false},"author":1,"featured_media":0,"parent":0,"menu_order":0,"comment_status":"closed","ping_status":"closed","template":"","meta":{"nf_dc_page":"","om_disable_all_campaigns":false,"_monsterinsights_skip_tracking":false,"_monsterinsights_sitenote_active":false,"_monsterinsights_sitenote_note":"","_monsterinsights_sitenote_category":0,"footnotes":""},"class_list":["post-13","page","type-page","status-publish"],"yoast_head":"<!-- This site is optimized with the Yoast SEO plugin v27.4 - https:\/\/yoast.com\/product\/yoast-seo-wordpress\/ -->\n<title>Autoridades - XXII Congreso Uruguayo de Ortopedia y Traumatolog\u00eda<\/title>\n<meta name=\"robots\" content=\"index, follow, max-snippet:-1, max-image-preview:large, max-video-preview:-1\" \/>\n<link rel=\"canonical\" href=\"https:\/\/congresos.sotu.org.uy\/congresos\/autoridades\/\" \/>\n<meta property=\"og:locale\" content=\"es_ES\" \/>\n<meta property=\"og:type\" content=\"article\" \/>\n<meta property=\"og:title\" content=\"Autoridades - XXII Congreso Uruguayo de Ortopedia y Traumatolog\u00eda\" \/>\n<meta property=\"og:description\" content=\"COMISI\u00d3N DIRECTIVA Eduardo VilenskyPresidente Germ\u00e1n MarreroVicepresidente Juan Manuel VelascoTesorero Nicol\u00e1s CasalesSecretario Juan Del CastilloVocal SUPLENTES Viviana TeskeMart\u00edn RussiHugo Nu\u00f1ezIgnacio PaganoAlejandro Azziz COMISI\u00d3N GREMIAL Ignacio EspondaAlfonso Garc\u00eda AustEmanuel Costa COMISI\u00d3N FISCAL Jorge TabachnikDaniel VargasLeticia Gaiero SUPLENTES COMISI\u00d3N FISCAL Nicol\u00e1s Tam\u00f3nMartin SienrraRafael Rodr\u00edguez\" \/>\n<meta property=\"og:url\" content=\"https:\/\/congresos.sotu.org.uy\/congresos\/autoridades\/\" \/>\n<meta property=\"og:site_name\" content=\"XXII Congreso Uruguayo de Ortopedia y Traumatolog\u00eda\" \/>\n<meta name=\"twitter:card\" content=\"summary_large_image\" \/>\n<script type=\"application\/ld+json\" class=\"yoast-schema-graph\">{\"@context\":\"https:\\\/\\\/schema.org\",\"@graph\":[{\"@type\":\"WebPage\",\"@id\":\"https:\\\/\\\/congresos.sotu.org.uy\\\/congresos\\\/autoridades\\\/\",\"url\":\"https:\\\/\\\/congresos.sotu.org.uy\\\/congresos\\\/autoridades\\\/\",\"name\":\"Autoridades - XXII Congreso Uruguayo de Ortopedia y Traumatolog\u00eda\",\"isPartOf\":{\"@id\":\"https:\\\/\\\/congresos.sotu.org.uy\\\/congresos\\\/#website\"},\"datePublished\":\"2022-06-20T19:05:01+00:00\",\"breadcrumb\":{\"@id\":\"https:\\\/\\\/congresos.sotu.org.uy\\\/congresos\\\/autoridades\\\/#breadcrumb\"},\"inLanguage\":\"es\",\"potentialAction\":[{\"@type\":\"ReadAction\",\"target\":[\"https:\\\/\\\/congresos.sotu.org.uy\\\/congresos\\\/autoridades\\\/\"]}]},{\"@type\":\"BreadcrumbList\",\"@id\":\"https:\\\/\\\/congresos.sotu.org.uy\\\/congresos\\\/autoridades\\\/#breadcrumb\",\"itemListElement\":[{\"@type\":\"ListItem\",\"position\":1,\"name\":\"Home\",\"item\":\"https:\\\/\\\/congresos.sotu.org.uy\\\/congresos\\\/\"},{\"@type\":\"ListItem\",\"position\":2,\"name\":\"Autoridades\"}]},{\"@type\":\"WebSite\",\"@id\":\"https:\\\/\\\/congresos.sotu.org.uy\\\/congresos\\\/#website\",\"url\":\"https:\\\/\\\/congresos.sotu.org.uy\\\/congresos\\\/\",\"name\":\"XXII Congreso Uruguayo de Ortopedia y Traumatolog\u00eda\",\"description\":\"XXII Congreso Uruguayo de Ortopedia y Traumatolog\u00eda\",\"publisher\":{\"@id\":\"https:\\\/\\\/congresos.sotu.org.uy\\\/congresos\\\/#organization\"},\"potentialAction\":[{\"@type\":\"SearchAction\",\"target\":{\"@type\":\"EntryPoint\",\"urlTemplate\":\"https:\\\/\\\/congresos.sotu.org.uy\\\/congresos\\\/?s={search_term_string}\"},\"query-input\":{\"@type\":\"PropertyValueSpecification\",\"valueRequired\":true,\"valueName\":\"search_term_string\"}}],\"inLanguage\":\"es\"},{\"@type\":\"Organization\",\"@id\":\"https:\\\/\\\/congresos.sotu.org.uy\\\/congresos\\\/#organization\",\"name\":\"XXII Congreso Uruguayo de Ortopedia y Traumatolog\u00eda\",\"url\":\"https:\\\/\\\/congresos.sotu.org.uy\\\/congresos\\\/\",\"logo\":{\"@type\":\"ImageObject\",\"inLanguage\":\"es\",\"@id\":\"https:\\\/\\\/congresos.sotu.org.uy\\\/congresos\\\/#\\\/schema\\\/logo\\\/image\\\/\",\"url\":\"https:\\\/\\\/i0.wp.com\\\/congresos.sotu.org.uy\\\/congresos\\\/wp-content\\\/uploads\\\/2024\\\/04\\\/cropped-news220608.jpg?fit=1200%2C158&ssl=1\",\"contentUrl\":\"https:\\\/\\\/i0.wp.com\\\/congresos.sotu.org.uy\\\/congresos\\\/wp-content\\\/uploads\\\/2024\\\/04\\\/cropped-news220608.jpg?fit=1200%2C158&ssl=1\",\"width\":1200,\"height\":158,\"caption\":\"XXII Congreso Uruguayo de Ortopedia y Traumatolog\u00eda\"},\"image\":{\"@id\":\"https:\\\/\\\/congresos.sotu.org.uy\\\/congresos\\\/#\\\/schema\\\/logo\\\/image\\\/\"}}]}<\/script>\n<!-- \/ Yoast SEO plugin. -->","yoast_head_json":{"title":"Autoridades - XXII Congreso Uruguayo de Ortopedia y Traumatolog\u00eda","robots":{"index":"index","follow":"follow","max-snippet":"max-snippet:-1","max-image-preview":"max-image-preview:large","max-video-preview":"max-video-preview:-1"},"canonical":"https:\/\/congresos.sotu.org.uy\/congresos\/autoridades\/","og_locale":"es_ES","og_type":"article","og_title":"Autoridades - XXII Congreso Uruguayo de Ortopedia y Traumatolog\u00eda","og_description":"COMISI\u00d3N DIRECTIVA Eduardo VilenskyPresidente Germ\u00e1n MarreroVicepresidente Juan Manuel VelascoTesorero Nicol\u00e1s CasalesSecretario Juan Del CastilloVocal SUPLENTES Viviana TeskeMart\u00edn RussiHugo Nu\u00f1ezIgnacio PaganoAlejandro Azziz COMISI\u00d3N GREMIAL Ignacio EspondaAlfonso Garc\u00eda AustEmanuel Costa COMISI\u00d3N FISCAL Jorge TabachnikDaniel VargasLeticia Gaiero SUPLENTES COMISI\u00d3N FISCAL Nicol\u00e1s Tam\u00f3nMartin SienrraRafael Rodr\u00edguez","og_url":"https:\/\/congresos.sotu.org.uy\/congresos\/autoridades\/","og_site_name":"XXII Congreso Uruguayo de Ortopedia y Traumatolog\u00eda","twitter_card":"summary_large_image","schema":{"@context":"https:\/\/schema.org","@graph":[{"@type":"WebPage","@id":"https:\/\/congresos.sotu.org.uy\/congresos\/autoridades\/","url":"https:\/\/congresos.sotu.org.uy\/congresos\/autoridades\/","name":"Autoridades - XXII Congreso Uruguayo de Ortopedia y Traumatolog\u00eda","isPartOf":{"@id":"https:\/\/congresos.sotu.org.uy\/congresos\/#website"},"datePublished":"2022-06-20T19:05:01+00:00","breadcrumb":{"@id":"https:\/\/congresos.sotu.org.uy\/congresos\/autoridades\/#breadcrumb"},"inLanguage":"es","potentialAction":[{"@type":"ReadAction","target":["https:\/\/congresos.sotu.org.uy\/congresos\/autoridades\/"]}]},{"@type":"BreadcrumbList","@id":"https:\/\/congresos.sotu.org.uy\/congresos\/autoridades\/#breadcrumb","itemListElement":[{"@type":"ListItem","position":1,"name":"Home","item":"https:\/\/congresos.sotu.org.uy\/congresos\/"},{"@type":"ListItem","position":2,"name":"Autoridades"}]},{"@type":"WebSite","@id":"https:\/\/congresos.sotu.org.uy\/congresos\/#website","url":"https:\/\/congresos.sotu.org.uy\/congresos\/","name":"XXII Congreso Uruguayo de Ortopedia y Traumatolog\u00eda","description":"XXII Congreso Uruguayo de Ortopedia y Traumatolog\u00eda","publisher":{"@id":"https:\/\/congresos.sotu.org.uy\/congresos\/#organization"},"potentialAction":[{"@type":"SearchAction","target":{"@type":"EntryPoint","urlTemplate":"https:\/\/congresos.sotu.org.uy\/congresos\/?s={search_term_string}"},"query-input":{"@type":"PropertyValueSpecification","valueRequired":true,"valueName":"search_term_string"}}],"inLanguage":"es"},{"@type":"Organization","@id":"https:\/\/congresos.sotu.org.uy\/congresos\/#organization","name":"XXII Congreso Uruguayo de Ortopedia y Traumatolog\u00eda","url":"https:\/\/congresos.sotu.org.uy\/congresos\/","logo":{"@type":"ImageObject","inLanguage":"es","@id":"https:\/\/congresos.sotu.org.uy\/congresos\/#\/schema\/logo\/image\/","url":"https:\/\/i0.wp.com\/congresos.sotu.org.uy\/congresos\/wp-content\/uploads\/2024\/04\/cropped-news220608.jpg?fit=1200%2C158&ssl=1","contentUrl":"https:\/\/i0.wp.com\/congresos.sotu.org.uy\/congresos\/wp-content\/uploads\/2024\/04\/cropped-news220608.jpg?fit=1200%2C158&ssl=1","width":1200,"height":158,"caption":"XXII Congreso Uruguayo de Ortopedia y Traumatolog\u00eda"},"image":{"@id":"https:\/\/congresos.sotu.org.uy\/congresos\/#\/schema\/logo\/image\/"}}]}},"jetpack_sharing_enabled":true,"_links":{"self":[{"href":"https:\/\/congresos.sotu.org.uy\/congresos\/wp-json\/wp\/v2\/pages\/13","targetHints":{"allow":["GET"]}}],"collection":[{"href":"https:\/\/congresos.sotu.org.uy\/congresos\/wp-json\/wp\/v2\/pages"}],"about":[{"href":"https:\/\/congresos.sotu.org.uy\/congresos\/wp-json\/wp\/v2\/types\/page"}],"author":[{"embeddable":true,"href":"https:\/\/congresos.sotu.org.uy\/congresos\/wp-json\/wp\/v2\/users\/1"}],"replies":[{"embeddable":true,"href":"https:\/\/congresos.sotu.org.uy\/congresos\/wp-json\/wp\/v2\/comments?post=13"}],"version-history":[{"count":0,"href":"https:\/\/congresos.sotu.org.uy\/congresos\/wp-json\/wp\/v2\/pages\/13\/revisions"}],"wp:attachment":[{"href":"https:\/\/congresos.sotu.org.uy\/congresos\/wp-json\/wp\/v2\/media?parent=13"}],"curies":[{"name":"wp","href":"https:\/\/api.w.org\/{rel}","templated":true}]}}