{"id":18,"date":"2022-06-20T16:32:36","date_gmt":"2022-06-20T19:32:36","guid":{"rendered":"https:\/\/www.sotu.uy\/?page_id=18"},"modified":"2022-06-20T16:32:36","modified_gmt":"2022-06-20T19:32:36","slug":"trabajos","status":"publish","type":"page","link":"https:\/\/congresos.sotu.org.uy\/congresos\/trabajos\/","title":{"rendered":"Trabajos"},"content":{"rendered":"\n<p><strong>1. REGLAMENTO PARA LA PRESENTACI\u00d3N DE TRABAJOS LIBRES<br><\/strong><br><strong>Visi\u00f3n General:<\/strong><\/p>\n\n\n\n<p>Los Temas Libres son presentaciones orales, posters o videos de t\u00e9cnicas, propuestas por uno o m\u00e1s autores, que implican producciones de conocimientos ya sea por medio de investigaciones, epidemiolog\u00eda, experiencias cl\u00ednicas o comunicaciones ensay\u00edsticas. Y en reuniones entre la Comisi\u00f3n directiva y la Comisi\u00f3n cient\u00edfica, hemos decidido dar un paso m\u00e1s en este tema, que nos parece de extrema importancia para sitiar a nuestra Sociedad, en lugares de privilegio a nivel internacional, y es por este motivo, que enviamos este reglamento que se cumplir\u00e1 en forma estricta.<br>Los mencionados trabajos deber\u00e1n ser in\u00e9ditos, y relacionarse con los objetivos y ejes tem\u00e1ticos del congreso.<\/p>\n\n\n\n<p><strong>M\u00e9todo de Env\u00edo:<\/strong><\/p>\n\n\n\n<p>Los res\u00famenes deber\u00e1n ser enviados en archivo adjunto como formato Pdf., \u00fanicamente a trav\u00e9s de la casilla de mail mencionado en el sitio web oficial del congreso.<\/p>\n\n\n\n<p><strong>Fechas:<\/strong><\/p>\n\n\n\n<p><strong>La fecha l\u00edmite para la presentaci\u00f3n de res\u00famenes lunes 1\u00ba de agosto<\/strong><br>El resultado de la evaluaci\u00f3n se comunicar\u00e1 por correo electr\u00f3nico al autor 30 d\u00edas despu\u00e9s de la fecha l\u00edmite de presentaci\u00f3n.<br>La aceptaci\u00f3n final podr\u00e1 estar sujeta a modificaciones sugeridas por los evaluadores, las cuales deber\u00e1n realizarse en un plazo m\u00e1ximo de una semana.<br>El d\u00eda, el tiempo disponible para la presentaci\u00f3n de su tema y horario ser\u00e1n comunicados con la debida anticipaci\u00f3n.<\/p>\n\n\n\n<p><strong>Evaluaci\u00f3n:<\/strong><\/p>\n\n\n\n<p>El Comit\u00e9 Cient\u00edfico evaluar\u00e1 los trabajos, y puntuar\u00e1 los mimos, sobre un m\u00e1ximo de 100 pts, teniendo en cuenta los siguientes criterios:<br>1. Pertinencia del contenido a los ejes del Congreso (20)<br>2. Claridad en la descripci\u00f3n y coherencia interna (20)<br>3. Producci\u00f3n de conocimiento y originalidad del tema (20)<br>4. Metodolog\u00eda adecuada para los objetivos del trabajo (20)<br>5.&nbsp;<strong>Los trabajos designados a premio, se presentar\u00e1n en la sala grande, pero para ello, ser\u00e1 necesario el trabajo definitivo completo de acuerdo a las recomendaciones generales hechas por el Comit\u00e9 Internacional de Editores de&nbsp;Revistas M\u00e9dicas en octubre de 2008 (http:\/\/www.icmje.org), en general reconocidas como \u2018Estilo de Vancouver\u201d, incluyendo el nivel de evidencia (seg\u00fan los autores, ver adjunto), antes del 31 de agosto, y ser\u00e1 puntuada la presentaci\u00f3n (20)<\/strong><br>En estos casos, la presentaci\u00f3n tambi\u00e9n ser\u00e1 de 7 minutos, y 2 minutos de preguntas exclusivamente relacionadas al trabajo (control estricto)<\/p>\n\n\n\n<p>El fallo del Comit\u00e9 Cient\u00edfico en la aceptaci\u00f3n o rechazo de los res\u00famenes, as\u00ed como en la premiaci\u00f3n, ser\u00e1 inapelable, y los premios a otorgar se informar\u00e1n a la brevedad.<\/p>\n\n\n\n<p><strong>Sobre los Autores:<\/strong><\/p>\n\n\n\n<p>Al menos uno de los autores, el presentador de cada trabajo deber\u00e1 estar inscripto en el Congreso.<\/p>\n\n\n\n<p>Los trabajos podr\u00e1n tener hasta 6 autores, siendo uno solo el presentador.<\/p>\n\n\n\n<p><strong>2. PAUTAS DE PRESENTACI\u00d3N DE LOS RES\u00daMENES:<\/strong><\/p>\n\n\n\n<p><strong>Contenido del resumen:<\/strong><\/p>\n\n\n\n<ul class=\"wp-block-list\"><li>\u00c1rea Tem\u00e1tica: cadera, rodilla, trauma, mano y pu\u00f1o, codo y hombro, tobillo y pie, ortopedia<br>infantil, columna, tumores, otros.<\/li><li>Formato de presentaci\u00f3n (oral, poster, o video de t\u00e9cnica).<\/li><li>T\u00edtulo del trabajo (en may\u00fasculas).<\/li><li>Resumen (m\u00e1ximo 300 palabras, texto sin formato) *<\/li><\/ul>\n\n\n\n<p>Se sugiere la siguiente gu\u00eda de presentaci\u00f3n del resumen, la cual podr\u00e1 adaptarse en funci\u00f3n del contenido de este:<\/p>\n\n\n\n<p>Introducci\u00f3n | Objetivos | Metodolog\u00eda | Resultados | Conclusiones<\/p>\n\n\n\n<p><em>Nota:<\/em><br><em>Todo trabajo recibido que no cumpla con los requisitos enunciados no ser\u00e1 considerado.<\/em><\/p>\n\n\n\n<p>Si es aceptado el resumen, y designado para premio, requerir\u00e1 el trabajo completo para poder ser evaluado, requiriendo todos los mecanismos de escritura similar a los de cualquier revista internacional, incluida la bibliograf\u00eda (Estilo Vancouver).<\/p>\n\n\n\n<p><strong>3. FORMAS DE PRESENTACI\u00d3N DE LOS TRABAJOS LIBRES EN EL CONGRESO<\/strong><\/p>\n\n\n\n<p>Existir\u00e1n 3 modalidades de presentaci\u00f3n: oral, p\u00f3ster y videos de t\u00e9cnica.<br>Al enviar el resumen se deber\u00e1 indicar la preferencia de los autores (oral, poster, o t\u00e9cnica).<br>No obstante, el Comit\u00e9 Cient\u00edfico ser\u00e1 quien determinar\u00e1 finalmente la forma de presentaci\u00f3n.<\/p>\n\n\n\n<p><strong>Presentaciones orales:<\/strong><\/p>\n\n\n\n<ul class=\"wp-block-list\"><li>Deber\u00e1n ser apoyadas con recursos audiovisuales realizados en formato Power Point o Keynote.<\/li><li>El tiempo total de la exposici\u00f3n ser\u00e1 de 7 minutos y 2 minutos para preguntas (tiempo estricto y exclusivamente relacionadas al trabajo).<\/li><li>Ser\u00e1 necesario cargar previamente las presentaciones en la sala de medios audiovisuales con un m\u00ednimo de 2 horas de antelaci\u00f3n al comienzo de la exposici\u00f3n.<\/li><li>El presentador deber\u00e1 estar presente en la sala de exposici\u00f3n asignada 15 minutos antes del inicio de la sesi\u00f3n de temas libres.<\/li><\/ul>\n\n\n\n<p><strong>Presentaciones en formato p\u00f3ster y videos de t\u00e9cnicas especiales:<\/strong><\/p>\n\n\n\n<ul class=\"wp-block-list\"><li>Los posters ser\u00e1n colocados por los postulantes en el panel asignado entre las 8 y las 9 de la ma\u00f1ana del primer d\u00eda del congreso y no se retirar\u00e1n hasta el \u00faltimo d\u00eda, excepto que la comisi\u00f3n decida que ser\u00e1n electr\u00f3nicos, al igual que los videos de t\u00e9cnicas (en este caso se informar\u00e1 oportunamente).<\/li><li>La orientaci\u00f3n del p\u00f3ster deber\u00e1 ser vertical (retrato), con un tama\u00f1o m\u00e1ximo de 140 x 90 cm.<\/li><li>La letra deber\u00e1 ser legible a una distancia m\u00ednima de 1 metro. Se recomienda como m\u00ednimo font 30.<\/li><li>Una cabecera que incluya el t\u00edtulo, nombre de los autores e instituci\u00f3n se deber\u00e1 incluir en la parte superior del p\u00f3ster.<\/li><li>El Comit\u00e9 Organizador y el Comit\u00e9 Cient\u00edfico se reservan el derecho de retirar los posters que no re\u00fanan las m\u00ednimas condiciones de presentaci\u00f3n y calidad.<\/li><li>La forma de evaluaci\u00f3n ser\u00e1 similar a los trabajos orales, y habr\u00e1 un d\u00eda y horario espec\u00edfico para su evaluaci\u00f3n que ser\u00e1 previamente avisado.<\/li><\/ul>\n\n\n\n<p class=\"has-text-align-center\"><strong>MAIL DE ENV\u00cdO<\/strong>:<br><a href=\"mailto:web@easyplanners.com\">web@easyplanners.com<\/a><\/p>\n\n\n\n<hr class=\"wp-block-separator has-alpha-channel-opacity\"\/>\n","protected":false},"excerpt":{"rendered":"<p>1. REGLAMENTO PARA LA PRESENTACI\u00d3N DE TRABAJOS LIBRESVisi\u00f3n General: Los Temas Libres son presentaciones orales, posters o videos de t\u00e9cnicas, propuestas por uno o m\u00e1s autores, que implican producciones de conocimientos ya sea por medio de investigaciones, epidemiolog\u00eda, experiencias cl\u00ednicas o comunicaciones ensay\u00edsticas. Y en reuniones entre la Comisi\u00f3n directiva y la Comisi\u00f3n cient\u00edfica, hemos &#8230; <a title=\"Trabajos\" class=\"read-more\" href=\"https:\/\/congresos.sotu.org.uy\/congresos\/trabajos\/\" aria-label=\"Leer m\u00e1s sobre Trabajos\">Leer m\u00e1s<\/a><\/p>\n","protected":false},"author":1,"featured_media":0,"parent":0,"menu_order":0,"comment_status":"closed","ping_status":"closed","template":"","meta":{"nf_dc_page":"","om_disable_all_campaigns":false,"_monsterinsights_skip_tracking":false,"_monsterinsights_sitenote_active":false,"_monsterinsights_sitenote_note":"","_monsterinsights_sitenote_category":0,"footnotes":""},"class_list":["post-18","page","type-page","status-publish"],"yoast_head":"<!-- This site is optimized with the Yoast SEO plugin v27.4 - https:\/\/yoast.com\/product\/yoast-seo-wordpress\/ -->\n<title>Trabajos - XXII Congreso Uruguayo de Ortopedia y Traumatolog\u00eda<\/title>\n<meta name=\"robots\" content=\"index, follow, max-snippet:-1, max-image-preview:large, max-video-preview:-1\" \/>\n<link rel=\"canonical\" href=\"https:\/\/congresos.sotu.org.uy\/congresos\/trabajos\/\" \/>\n<meta property=\"og:locale\" content=\"es_ES\" \/>\n<meta property=\"og:type\" content=\"article\" \/>\n<meta property=\"og:title\" content=\"Trabajos - XXII Congreso Uruguayo de Ortopedia y Traumatolog\u00eda\" \/>\n<meta property=\"og:description\" content=\"1. REGLAMENTO PARA LA PRESENTACI\u00d3N DE TRABAJOS LIBRESVisi\u00f3n General: Los Temas Libres son presentaciones orales, posters o videos de t\u00e9cnicas, propuestas por uno o m\u00e1s autores, que implican producciones de conocimientos ya sea por medio de investigaciones, epidemiolog\u00eda, experiencias cl\u00ednicas o comunicaciones ensay\u00edsticas. Y en reuniones entre la Comisi\u00f3n directiva y la Comisi\u00f3n cient\u00edfica, hemos ... Leer m\u00e1s\" \/>\n<meta property=\"og:url\" content=\"https:\/\/congresos.sotu.org.uy\/congresos\/trabajos\/\" \/>\n<meta property=\"og:site_name\" content=\"XXII Congreso Uruguayo de Ortopedia y Traumatolog\u00eda\" \/>\n<meta name=\"twitter:card\" content=\"summary_large_image\" \/>\n<meta name=\"twitter:label1\" content=\"Tiempo de lectura\" \/>\n\t<meta name=\"twitter:data1\" content=\"5 minutos\" \/>\n<script type=\"application\/ld+json\" class=\"yoast-schema-graph\">{\"@context\":\"https:\\\/\\\/schema.org\",\"@graph\":[{\"@type\":\"WebPage\",\"@id\":\"https:\\\/\\\/congresos.sotu.org.uy\\\/congresos\\\/trabajos\\\/\",\"url\":\"https:\\\/\\\/congresos.sotu.org.uy\\\/congresos\\\/trabajos\\\/\",\"name\":\"Trabajos - XXII Congreso Uruguayo de Ortopedia y Traumatolog\u00eda\",\"isPartOf\":{\"@id\":\"https:\\\/\\\/congresos.sotu.org.uy\\\/congresos\\\/#website\"},\"datePublished\":\"2022-06-20T19:32:36+00:00\",\"breadcrumb\":{\"@id\":\"https:\\\/\\\/congresos.sotu.org.uy\\\/congresos\\\/trabajos\\\/#breadcrumb\"},\"inLanguage\":\"es\",\"potentialAction\":[{\"@type\":\"ReadAction\",\"target\":[\"https:\\\/\\\/congresos.sotu.org.uy\\\/congresos\\\/trabajos\\\/\"]}]},{\"@type\":\"BreadcrumbList\",\"@id\":\"https:\\\/\\\/congresos.sotu.org.uy\\\/congresos\\\/trabajos\\\/#breadcrumb\",\"itemListElement\":[{\"@type\":\"ListItem\",\"position\":1,\"name\":\"Home\",\"item\":\"https:\\\/\\\/congresos.sotu.org.uy\\\/congresos\\\/\"},{\"@type\":\"ListItem\",\"position\":2,\"name\":\"Trabajos\"}]},{\"@type\":\"WebSite\",\"@id\":\"https:\\\/\\\/congresos.sotu.org.uy\\\/congresos\\\/#website\",\"url\":\"https:\\\/\\\/congresos.sotu.org.uy\\\/congresos\\\/\",\"name\":\"XXII Congreso Uruguayo de Ortopedia y Traumatolog\u00eda\",\"description\":\"XXII Congreso Uruguayo de Ortopedia y Traumatolog\u00eda\",\"publisher\":{\"@id\":\"https:\\\/\\\/congresos.sotu.org.uy\\\/congresos\\\/#organization\"},\"potentialAction\":[{\"@type\":\"SearchAction\",\"target\":{\"@type\":\"EntryPoint\",\"urlTemplate\":\"https:\\\/\\\/congresos.sotu.org.uy\\\/congresos\\\/?s={search_term_string}\"},\"query-input\":{\"@type\":\"PropertyValueSpecification\",\"valueRequired\":true,\"valueName\":\"search_term_string\"}}],\"inLanguage\":\"es\"},{\"@type\":\"Organization\",\"@id\":\"https:\\\/\\\/congresos.sotu.org.uy\\\/congresos\\\/#organization\",\"name\":\"XXII Congreso Uruguayo de Ortopedia y Traumatolog\u00eda\",\"url\":\"https:\\\/\\\/congresos.sotu.org.uy\\\/congresos\\\/\",\"logo\":{\"@type\":\"ImageObject\",\"inLanguage\":\"es\",\"@id\":\"https:\\\/\\\/congresos.sotu.org.uy\\\/congresos\\\/#\\\/schema\\\/logo\\\/image\\\/\",\"url\":\"https:\\\/\\\/i0.wp.com\\\/congresos.sotu.org.uy\\\/congresos\\\/wp-content\\\/uploads\\\/2024\\\/04\\\/cropped-news220608.jpg?fit=1200%2C158&ssl=1\",\"contentUrl\":\"https:\\\/\\\/i0.wp.com\\\/congresos.sotu.org.uy\\\/congresos\\\/wp-content\\\/uploads\\\/2024\\\/04\\\/cropped-news220608.jpg?fit=1200%2C158&ssl=1\",\"width\":1200,\"height\":158,\"caption\":\"XXII Congreso Uruguayo de Ortopedia y Traumatolog\u00eda\"},\"image\":{\"@id\":\"https:\\\/\\\/congresos.sotu.org.uy\\\/congresos\\\/#\\\/schema\\\/logo\\\/image\\\/\"}}]}<\/script>\n<!-- \/ Yoast SEO plugin. -->","yoast_head_json":{"title":"Trabajos - XXII Congreso Uruguayo de Ortopedia y Traumatolog\u00eda","robots":{"index":"index","follow":"follow","max-snippet":"max-snippet:-1","max-image-preview":"max-image-preview:large","max-video-preview":"max-video-preview:-1"},"canonical":"https:\/\/congresos.sotu.org.uy\/congresos\/trabajos\/","og_locale":"es_ES","og_type":"article","og_title":"Trabajos - XXII Congreso Uruguayo de Ortopedia y Traumatolog\u00eda","og_description":"1. REGLAMENTO PARA LA PRESENTACI\u00d3N DE TRABAJOS LIBRESVisi\u00f3n General: Los Temas Libres son presentaciones orales, posters o videos de t\u00e9cnicas, propuestas por uno o m\u00e1s autores, que implican producciones de conocimientos ya sea por medio de investigaciones, epidemiolog\u00eda, experiencias cl\u00ednicas o comunicaciones ensay\u00edsticas. Y en reuniones entre la Comisi\u00f3n directiva y la Comisi\u00f3n cient\u00edfica, hemos ... Leer m\u00e1s","og_url":"https:\/\/congresos.sotu.org.uy\/congresos\/trabajos\/","og_site_name":"XXII Congreso Uruguayo de Ortopedia y Traumatolog\u00eda","twitter_card":"summary_large_image","twitter_misc":{"Tiempo de lectura":"5 minutos"},"schema":{"@context":"https:\/\/schema.org","@graph":[{"@type":"WebPage","@id":"https:\/\/congresos.sotu.org.uy\/congresos\/trabajos\/","url":"https:\/\/congresos.sotu.org.uy\/congresos\/trabajos\/","name":"Trabajos - XXII Congreso Uruguayo de Ortopedia y Traumatolog\u00eda","isPartOf":{"@id":"https:\/\/congresos.sotu.org.uy\/congresos\/#website"},"datePublished":"2022-06-20T19:32:36+00:00","breadcrumb":{"@id":"https:\/\/congresos.sotu.org.uy\/congresos\/trabajos\/#breadcrumb"},"inLanguage":"es","potentialAction":[{"@type":"ReadAction","target":["https:\/\/congresos.sotu.org.uy\/congresos\/trabajos\/"]}]},{"@type":"BreadcrumbList","@id":"https:\/\/congresos.sotu.org.uy\/congresos\/trabajos\/#breadcrumb","itemListElement":[{"@type":"ListItem","position":1,"name":"Home","item":"https:\/\/congresos.sotu.org.uy\/congresos\/"},{"@type":"ListItem","position":2,"name":"Trabajos"}]},{"@type":"WebSite","@id":"https:\/\/congresos.sotu.org.uy\/congresos\/#website","url":"https:\/\/congresos.sotu.org.uy\/congresos\/","name":"XXII Congreso Uruguayo de Ortopedia y Traumatolog\u00eda","description":"XXII Congreso Uruguayo de Ortopedia y Traumatolog\u00eda","publisher":{"@id":"https:\/\/congresos.sotu.org.uy\/congresos\/#organization"},"potentialAction":[{"@type":"SearchAction","target":{"@type":"EntryPoint","urlTemplate":"https:\/\/congresos.sotu.org.uy\/congresos\/?s={search_term_string}"},"query-input":{"@type":"PropertyValueSpecification","valueRequired":true,"valueName":"search_term_string"}}],"inLanguage":"es"},{"@type":"Organization","@id":"https:\/\/congresos.sotu.org.uy\/congresos\/#organization","name":"XXII Congreso Uruguayo de Ortopedia y Traumatolog\u00eda","url":"https:\/\/congresos.sotu.org.uy\/congresos\/","logo":{"@type":"ImageObject","inLanguage":"es","@id":"https:\/\/congresos.sotu.org.uy\/congresos\/#\/schema\/logo\/image\/","url":"https:\/\/i0.wp.com\/congresos.sotu.org.uy\/congresos\/wp-content\/uploads\/2024\/04\/cropped-news220608.jpg?fit=1200%2C158&ssl=1","contentUrl":"https:\/\/i0.wp.com\/congresos.sotu.org.uy\/congresos\/wp-content\/uploads\/2024\/04\/cropped-news220608.jpg?fit=1200%2C158&ssl=1","width":1200,"height":158,"caption":"XXII Congreso Uruguayo de Ortopedia y Traumatolog\u00eda"},"image":{"@id":"https:\/\/congresos.sotu.org.uy\/congresos\/#\/schema\/logo\/image\/"}}]}},"jetpack_sharing_enabled":true,"_links":{"self":[{"href":"https:\/\/congresos.sotu.org.uy\/congresos\/wp-json\/wp\/v2\/pages\/18","targetHints":{"allow":["GET"]}}],"collection":[{"href":"https:\/\/congresos.sotu.org.uy\/congresos\/wp-json\/wp\/v2\/pages"}],"about":[{"href":"https:\/\/congresos.sotu.org.uy\/congresos\/wp-json\/wp\/v2\/types\/page"}],"author":[{"embeddable":true,"href":"https:\/\/congresos.sotu.org.uy\/congresos\/wp-json\/wp\/v2\/users\/1"}],"replies":[{"embeddable":true,"href":"https:\/\/congresos.sotu.org.uy\/congresos\/wp-json\/wp\/v2\/comments?post=18"}],"version-history":[{"count":0,"href":"https:\/\/congresos.sotu.org.uy\/congresos\/wp-json\/wp\/v2\/pages\/18\/revisions"}],"wp:attachment":[{"href":"https:\/\/congresos.sotu.org.uy\/congresos\/wp-json\/wp\/v2\/media?parent=18"}],"curies":[{"name":"wp","href":"https:\/\/api.w.org\/{rel}","templated":true}]}}