{"id":67,"date":"2022-06-21T15:24:19","date_gmt":"2022-06-21T18:24:19","guid":{"rendered":"https:\/\/www.sotu.uy\/?page_id=67"},"modified":"2022-06-21T15:24:19","modified_gmt":"2022-06-21T18:24:19","slug":"inscripciones","status":"publish","type":"page","link":"https:\/\/congresos.sotu.org.uy\/congresos\/inscripciones\/","title":{"rendered":"Inscripciones"},"content":{"rendered":"\n<p><\/p>\n\n\n\n<p><\/p>\n\n\n<table border=\"0\" width=\"100%\" cellspacing=\"4\" cellpadding=\"2\">\n<tbody>\n<tr>\n<td rowspan=\"2\" bgcolor=\"#0099FF\" height=\"40\">&nbsp;<\/td>\n<td align=\"center\" bgcolor=\"#0099FF\" width=\"20%\" height=\"40\"><b> <span style=\"color: #ffffff; font-size: large;\">A<\/span><\/b><\/td>\n<td align=\"center\" bgcolor=\"#0099FF\" width=\"20%\" height=\"40\"><span style=\"color: #ffffff; font-size: large;\"><b>B<\/b><\/span><\/td>\n<td align=\"center\" bgcolor=\"#0099FF\" width=\"20%\" height=\"40\"><span style=\"color: #ffffff; font-size: large;\"><b>C<\/b><\/span><\/td>\n<\/tr>\n<tr>\n<td align=\"center\" bgcolor=\"#0099FF\" width=\"20%\" height=\"40\"><span style=\"color: #ffffff; font-size: large;\"><b>hasta 31 de Julio<\/b><\/span><\/td>\n<td align=\"center\" bgcolor=\"#0099FF\" width=\"20%\" height=\"40\"><span style=\"color: #ffffff; font-size: large;\"><b>hasta 31 de Agosto<\/b><\/span><\/td>\n<td align=\"center\" bgcolor=\"#0099FF\" width=\"20%\" height=\"40\"><span style=\"color: #ffffff; font-size: large;\"><b>en sede<\/b><\/span><\/td>\n<\/tr>\n<tr>\n<td bgcolor=\"#0099FF\" height=\"41\"><b><span style=\"color: #ffffff;\">1. Generales \/ Traumat\u00f3logos (Socios)<\/span><\/b><\/td>\n<td align=\"center\" bgcolor=\"#808080\" height=\"41\"><b> <span style=\"color: #ffffff;\">USD 200.-<\/span><\/b><\/td>\n<td align=\"center\" bgcolor=\"#808080\" height=\"41\"><span style=\"color: #ffffff;\"> USD 300.-<\/span><\/td>\n<td align=\"center\" bgcolor=\"#808080\" height=\"41\"><span style=\"color: #ffffff;\"> USD 400.-<\/span><\/td>\n<\/tr>\n<tr>\n<td bgcolor=\"#0099FF\" height=\"39\"><span style=\"color: #ffffff;\"><b>2. Generales \/ Traumat\u00f3logos (No Socios)<\/b><\/span><\/td>\n<td align=\"center\" bgcolor=\"#808080\" height=\"39\"><b> <span style=\"color: #ffffff;\">USD 300.-<\/span><\/b><\/td>\n<td align=\"center\" bgcolor=\"#808080\" height=\"39\"><span style=\"color: #ffffff;\"> USD 400.-<\/span><\/td>\n<td align=\"center\" bgcolor=\"#808080\" height=\"39\"><span style=\"color: #ffffff;\"> USD 500.-<\/span><\/td>\n<\/tr>\n<tr>\n<td bgcolor=\"#0099FF\" height=\"40\"><span style=\"color: #ffffff;\"><b>3. Residentes (Socios) \/ Licenciados y t\u00e9cnicos<\/b><\/span><\/td>\n<td align=\"center\" bgcolor=\"#808080\" height=\"40\"><b> <span style=\"color: #ffffff;\">USD 100.-<\/span><\/b><\/td>\n<td align=\"center\" bgcolor=\"#808080\" height=\"40\"><span style=\"color: #ffffff;\"> USD 150.-<\/span><\/td>\n<td align=\"center\" bgcolor=\"#808080\" height=\"40\"><span style=\"color: #ffffff;\"> USD 200.-<\/span><\/td>\n<\/tr>\n<tr>\n<td bgcolor=\"#0099FF\" height=\"40\"><span style=\"color: #ffffff;\"><b>4. Residentes (No Socios)<\/b><\/span><\/td>\n<td align=\"center\" bgcolor=\"#808080\" height=\"40\"><b> <span style=\"color: #ffffff;\">USD 150.-<\/span><\/b><\/td>\n<td align=\"center\" bgcolor=\"#808080\" height=\"40\"><span style=\"color: #ffffff;\"> USD 200.-<\/span><\/td>\n<td align=\"center\" bgcolor=\"#808080\" height=\"40\"><span style=\"color: #ffffff;\"> USD 250.-<\/span><\/td>\n<\/tr>\n<tr>\n<td bgcolor=\"#0099FF\" height=\"40\"><span style=\"color: #ffffff;\"><b>5. Cena Acompa\u00f1antes<\/b><\/span><\/td>\n<td align=\"center\" bgcolor=\"#808080\" height=\"40\"><b> <span style=\"color: #ffffff;\">USD 75.-<\/span><\/b><\/td>\n<td align=\"center\" bgcolor=\"#808080\" height=\"40\"><span style=\"color: #ffffff;\"> USD 75.-<\/span><\/td>\n<td align=\"center\" bgcolor=\"#808080\" height=\"40\"><span style=\"color: #ffffff;\"> USD 75.-<\/span><\/td>\n<\/tr>\n<\/tbody>\n<\/table>\n\n\n<p><strong>* Socios SOTU al d\u00eda <\/strong><strong>al momento de la inscripci\u00f3n.<\/strong><\/p>\n\n\n\n<p><\/p>\n\n\n\n<div class=\"wp-block-buttons is-layout-flex wp-block-buttons-is-layout-flex\">\n<div class=\"wp-block-button\"><a class=\"wp-block-button__link has-midnight-gradient-background has-background\" href=\"https:\/\/pos.uy\/shop\/category\/1-congresos-2022-sotu-11?order=name+asc\" target=\"_blank\" rel=\"noreferrer noopener\">FORMULARIO DE INSCRIPCI\u00d3N<\/a><\/div>\n<\/div>\n\n\n\n<hr class=\"wp-block-separator has-alpha-channel-opacity\"\/>\n\n\n\n<p><strong>Formas de Pago Disponibles:<\/strong><br>\u2013 Pago OnLine PayPal:  Mastercard, Visa y Otras Tarjetas<br>\u2013 Giros ABITAB Uruguay (solo con documento uruguayo)<br>\u2013 Giros WESTERN UNION (giros internacionales)<\/p>\n\n\n\n<p><strong>Pol\u00edtica de cancelaci\u00f3n, plazos y condiciones:<\/strong><br>Para cancelar tu asistencia env\u00edanos un correo electr\u00f3nico (<a href=\"mailto:register@easyplanners.com\">register@easyplanners.com<\/a>) antes de 30 d\u00edas del comienzo del congreso.<br>En este caso ser\u00e1 retenido un 30% en concepto de gastos administrativos.<br>En caso de no cancelar la inscripci\u00f3n o hacerlo despu\u00e9s, no ser\u00e1 reembolsado el importe del valor de inscripci\u00f3n.<\/p>\n\n\n\n<p><strong>Nota:<\/strong><br>La inscripci\u00f3n quedar\u00e1 confirmada en el momento que le comuniquen a su mail el n\u00famero de orden correspondiente.<\/p>\n\n\n\n<hr class=\"wp-block-separator has-alpha-channel-opacity\"\/>\n","protected":false},"excerpt":{"rendered":"<p>&nbsp; A B C hasta 31 de Julio hasta 31 de Agosto en sede 1. Generales \/ Traumat\u00f3logos (Socios) USD 200.- USD 300.- USD 400.- 2. Generales \/ Traumat\u00f3logos (No Socios) USD 300.- USD 400.- USD 500.- 3. Residentes (Socios) \/ Licenciados y t\u00e9cnicos USD 100.- USD 150.- USD 200.- 4. Residentes (No Socios) USD &#8230; <a title=\"Inscripciones\" class=\"read-more\" href=\"https:\/\/congresos.sotu.org.uy\/congresos\/inscripciones\/\" aria-label=\"Leer m\u00e1s sobre Inscripciones\">Leer m\u00e1s<\/a><\/p>\n","protected":false},"author":1,"featured_media":0,"parent":0,"menu_order":0,"comment_status":"closed","ping_status":"closed","template":"","meta":{"nf_dc_page":"","om_disable_all_campaigns":false,"_monsterinsights_skip_tracking":false,"_monsterinsights_sitenote_active":false,"_monsterinsights_sitenote_note":"","_monsterinsights_sitenote_category":0,"footnotes":""},"class_list":["post-67","page","type-page","status-publish"],"yoast_head":"<!-- This site is optimized with the Yoast SEO plugin v27.4 - https:\/\/yoast.com\/product\/yoast-seo-wordpress\/ -->\n<title>Inscripciones - XXII Congreso Uruguayo de Ortopedia y Traumatolog\u00eda<\/title>\n<meta name=\"robots\" content=\"index, follow, max-snippet:-1, max-image-preview:large, max-video-preview:-1\" \/>\n<link rel=\"canonical\" href=\"https:\/\/congresos.sotu.org.uy\/congresos\/inscripciones\/\" \/>\n<meta property=\"og:locale\" content=\"es_ES\" \/>\n<meta property=\"og:type\" content=\"article\" \/>\n<meta property=\"og:title\" content=\"Inscripciones - XXII Congreso Uruguayo de Ortopedia y Traumatolog\u00eda\" \/>\n<meta property=\"og:description\" content=\"&nbsp; A B C hasta 31 de Julio hasta 31 de Agosto en sede 1. Generales \/ Traumat\u00f3logos (Socios) USD 200.- USD 300.- USD 400.- 2. Generales \/ Traumat\u00f3logos (No Socios) USD 300.- USD 400.- USD 500.- 3. Residentes (Socios) \/ Licenciados y t\u00e9cnicos USD 100.- USD 150.- USD 200.- 4. Residentes (No Socios) USD ... Leer m\u00e1s\" \/>\n<meta property=\"og:url\" content=\"https:\/\/congresos.sotu.org.uy\/congresos\/inscripciones\/\" \/>\n<meta property=\"og:site_name\" content=\"XXII Congreso Uruguayo de Ortopedia y Traumatolog\u00eda\" \/>\n<meta name=\"twitter:card\" content=\"summary_large_image\" \/>\n<meta name=\"twitter:label1\" content=\"Tiempo de lectura\" \/>\n\t<meta name=\"twitter:data1\" content=\"1 minuto\" \/>\n<script type=\"application\/ld+json\" class=\"yoast-schema-graph\">{\"@context\":\"https:\\\/\\\/schema.org\",\"@graph\":[{\"@type\":\"WebPage\",\"@id\":\"https:\\\/\\\/congresos.sotu.org.uy\\\/congresos\\\/inscripciones\\\/\",\"url\":\"https:\\\/\\\/congresos.sotu.org.uy\\\/congresos\\\/inscripciones\\\/\",\"name\":\"Inscripciones - XXII Congreso Uruguayo de Ortopedia y Traumatolog\u00eda\",\"isPartOf\":{\"@id\":\"https:\\\/\\\/congresos.sotu.org.uy\\\/congresos\\\/#website\"},\"datePublished\":\"2022-06-21T18:24:19+00:00\",\"breadcrumb\":{\"@id\":\"https:\\\/\\\/congresos.sotu.org.uy\\\/congresos\\\/inscripciones\\\/#breadcrumb\"},\"inLanguage\":\"es\",\"potentialAction\":[{\"@type\":\"ReadAction\",\"target\":[\"https:\\\/\\\/congresos.sotu.org.uy\\\/congresos\\\/inscripciones\\\/\"]}]},{\"@type\":\"BreadcrumbList\",\"@id\":\"https:\\\/\\\/congresos.sotu.org.uy\\\/congresos\\\/inscripciones\\\/#breadcrumb\",\"itemListElement\":[{\"@type\":\"ListItem\",\"position\":1,\"name\":\"Home\",\"item\":\"https:\\\/\\\/congresos.sotu.org.uy\\\/congresos\\\/\"},{\"@type\":\"ListItem\",\"position\":2,\"name\":\"Inscripciones\"}]},{\"@type\":\"WebSite\",\"@id\":\"https:\\\/\\\/congresos.sotu.org.uy\\\/congresos\\\/#website\",\"url\":\"https:\\\/\\\/congresos.sotu.org.uy\\\/congresos\\\/\",\"name\":\"XXII Congreso Uruguayo de Ortopedia y Traumatolog\u00eda\",\"description\":\"XXII Congreso Uruguayo de Ortopedia y Traumatolog\u00eda\",\"publisher\":{\"@id\":\"https:\\\/\\\/congresos.sotu.org.uy\\\/congresos\\\/#organization\"},\"potentialAction\":[{\"@type\":\"SearchAction\",\"target\":{\"@type\":\"EntryPoint\",\"urlTemplate\":\"https:\\\/\\\/congresos.sotu.org.uy\\\/congresos\\\/?s={search_term_string}\"},\"query-input\":{\"@type\":\"PropertyValueSpecification\",\"valueRequired\":true,\"valueName\":\"search_term_string\"}}],\"inLanguage\":\"es\"},{\"@type\":\"Organization\",\"@id\":\"https:\\\/\\\/congresos.sotu.org.uy\\\/congresos\\\/#organization\",\"name\":\"XXII Congreso Uruguayo de Ortopedia y Traumatolog\u00eda\",\"url\":\"https:\\\/\\\/congresos.sotu.org.uy\\\/congresos\\\/\",\"logo\":{\"@type\":\"ImageObject\",\"inLanguage\":\"es\",\"@id\":\"https:\\\/\\\/congresos.sotu.org.uy\\\/congresos\\\/#\\\/schema\\\/logo\\\/image\\\/\",\"url\":\"https:\\\/\\\/i0.wp.com\\\/congresos.sotu.org.uy\\\/congresos\\\/wp-content\\\/uploads\\\/2024\\\/04\\\/cropped-news220608.jpg?fit=1200%2C158&ssl=1\",\"contentUrl\":\"https:\\\/\\\/i0.wp.com\\\/congresos.sotu.org.uy\\\/congresos\\\/wp-content\\\/uploads\\\/2024\\\/04\\\/cropped-news220608.jpg?fit=1200%2C158&ssl=1\",\"width\":1200,\"height\":158,\"caption\":\"XXII Congreso Uruguayo de Ortopedia y Traumatolog\u00eda\"},\"image\":{\"@id\":\"https:\\\/\\\/congresos.sotu.org.uy\\\/congresos\\\/#\\\/schema\\\/logo\\\/image\\\/\"}}]}<\/script>\n<!-- \/ Yoast SEO plugin. -->","yoast_head_json":{"title":"Inscripciones - XXII Congreso Uruguayo de Ortopedia y Traumatolog\u00eda","robots":{"index":"index","follow":"follow","max-snippet":"max-snippet:-1","max-image-preview":"max-image-preview:large","max-video-preview":"max-video-preview:-1"},"canonical":"https:\/\/congresos.sotu.org.uy\/congresos\/inscripciones\/","og_locale":"es_ES","og_type":"article","og_title":"Inscripciones - XXII Congreso Uruguayo de Ortopedia y Traumatolog\u00eda","og_description":"&nbsp; A B C hasta 31 de Julio hasta 31 de Agosto en sede 1. Generales \/ Traumat\u00f3logos (Socios) USD 200.- USD 300.- USD 400.- 2. Generales \/ Traumat\u00f3logos (No Socios) USD 300.- USD 400.- USD 500.- 3. Residentes (Socios) \/ Licenciados y t\u00e9cnicos USD 100.- USD 150.- USD 200.- 4. Residentes (No Socios) USD ... Leer m\u00e1s","og_url":"https:\/\/congresos.sotu.org.uy\/congresos\/inscripciones\/","og_site_name":"XXII Congreso Uruguayo de Ortopedia y Traumatolog\u00eda","twitter_card":"summary_large_image","twitter_misc":{"Tiempo de lectura":"1 minuto"},"schema":{"@context":"https:\/\/schema.org","@graph":[{"@type":"WebPage","@id":"https:\/\/congresos.sotu.org.uy\/congresos\/inscripciones\/","url":"https:\/\/congresos.sotu.org.uy\/congresos\/inscripciones\/","name":"Inscripciones - XXII Congreso Uruguayo de Ortopedia y Traumatolog\u00eda","isPartOf":{"@id":"https:\/\/congresos.sotu.org.uy\/congresos\/#website"},"datePublished":"2022-06-21T18:24:19+00:00","breadcrumb":{"@id":"https:\/\/congresos.sotu.org.uy\/congresos\/inscripciones\/#breadcrumb"},"inLanguage":"es","potentialAction":[{"@type":"ReadAction","target":["https:\/\/congresos.sotu.org.uy\/congresos\/inscripciones\/"]}]},{"@type":"BreadcrumbList","@id":"https:\/\/congresos.sotu.org.uy\/congresos\/inscripciones\/#breadcrumb","itemListElement":[{"@type":"ListItem","position":1,"name":"Home","item":"https:\/\/congresos.sotu.org.uy\/congresos\/"},{"@type":"ListItem","position":2,"name":"Inscripciones"}]},{"@type":"WebSite","@id":"https:\/\/congresos.sotu.org.uy\/congresos\/#website","url":"https:\/\/congresos.sotu.org.uy\/congresos\/","name":"XXII Congreso Uruguayo de Ortopedia y Traumatolog\u00eda","description":"XXII Congreso Uruguayo de Ortopedia y Traumatolog\u00eda","publisher":{"@id":"https:\/\/congresos.sotu.org.uy\/congresos\/#organization"},"potentialAction":[{"@type":"SearchAction","target":{"@type":"EntryPoint","urlTemplate":"https:\/\/congresos.sotu.org.uy\/congresos\/?s={search_term_string}"},"query-input":{"@type":"PropertyValueSpecification","valueRequired":true,"valueName":"search_term_string"}}],"inLanguage":"es"},{"@type":"Organization","@id":"https:\/\/congresos.sotu.org.uy\/congresos\/#organization","name":"XXII Congreso Uruguayo de Ortopedia y Traumatolog\u00eda","url":"https:\/\/congresos.sotu.org.uy\/congresos\/","logo":{"@type":"ImageObject","inLanguage":"es","@id":"https:\/\/congresos.sotu.org.uy\/congresos\/#\/schema\/logo\/image\/","url":"https:\/\/i0.wp.com\/congresos.sotu.org.uy\/congresos\/wp-content\/uploads\/2024\/04\/cropped-news220608.jpg?fit=1200%2C158&ssl=1","contentUrl":"https:\/\/i0.wp.com\/congresos.sotu.org.uy\/congresos\/wp-content\/uploads\/2024\/04\/cropped-news220608.jpg?fit=1200%2C158&ssl=1","width":1200,"height":158,"caption":"XXII Congreso Uruguayo de Ortopedia y Traumatolog\u00eda"},"image":{"@id":"https:\/\/congresos.sotu.org.uy\/congresos\/#\/schema\/logo\/image\/"}}]}},"jetpack_sharing_enabled":true,"_links":{"self":[{"href":"https:\/\/congresos.sotu.org.uy\/congresos\/wp-json\/wp\/v2\/pages\/67","targetHints":{"allow":["GET"]}}],"collection":[{"href":"https:\/\/congresos.sotu.org.uy\/congresos\/wp-json\/wp\/v2\/pages"}],"about":[{"href":"https:\/\/congresos.sotu.org.uy\/congresos\/wp-json\/wp\/v2\/types\/page"}],"author":[{"embeddable":true,"href":"https:\/\/congresos.sotu.org.uy\/congresos\/wp-json\/wp\/v2\/users\/1"}],"replies":[{"embeddable":true,"href":"https:\/\/congresos.sotu.org.uy\/congresos\/wp-json\/wp\/v2\/comments?post=67"}],"version-history":[{"count":0,"href":"https:\/\/congresos.sotu.org.uy\/congresos\/wp-json\/wp\/v2\/pages\/67\/revisions"}],"wp:attachment":[{"href":"https:\/\/congresos.sotu.org.uy\/congresos\/wp-json\/wp\/v2\/media?parent=67"}],"curies":[{"name":"wp","href":"https:\/\/api.w.org\/{rel}","templated":true}]}}